{"id":286,"date":"2016-10-31T13:17:59","date_gmt":"2016-10-31T16:17:59","guid":{"rendered":"https:\/\/eavtrucco-ers.infd.edu.ar\/sitio\/?page_id=286"},"modified":"2026-02-06T11:17:19","modified_gmt":"2026-02-06T14:17:19","slug":"inicio","status":"publish","type":"page","link":"https:\/\/eavtrucco-ers.infd.edu.ar\/sitio\/","title":{"rendered":"Inicio"},"content":{"rendered":"<pre><img decoding=\"async\" loading=\"lazy\" class=\"alignnone size-medium wp-image-1575\" src=\"https:\/\/eavtrucco-ers.infd.edu.ar\/sitio\/wp-content\/uploads\/2025\/10\/Pre-Inscripcion-Profesorado-1000x226.png\" alt=\"\" width=\"1000\" height=\"226\" srcset=\"https:\/\/eavtrucco-ers.infd.edu.ar\/sitio\/wp-content\/uploads\/2025\/10\/Pre-Inscripcion-Profesorado-1000x226.png 1000w, https:\/\/eavtrucco-ers.infd.edu.ar\/sitio\/wp-content\/uploads\/2025\/10\/Pre-Inscripcion-Profesorado-1900x429.png 1900w, https:\/\/eavtrucco-ers.infd.edu.ar\/sitio\/wp-content\/uploads\/2025\/10\/Pre-Inscripcion-Profesorado-768x173.png 768w, https:\/\/eavtrucco-ers.infd.edu.ar\/sitio\/wp-content\/uploads\/2025\/10\/Pre-Inscripcion-Profesorado-1536x347.png 1536w, https:\/\/eavtrucco-ers.infd.edu.ar\/sitio\/wp-content\/uploads\/2025\/10\/Pre-Inscripcion-Profesorado-2048x462.png 2048w\" sizes=\"(max-width: 1000px) 100vw, 1000px\" \/><\/pre>\n<p data-start=\"120\" data-end=\"196\"><strong data-start=\"124\" data-end=\"190\">Preinscripci\u00f3n abierta al Profesorado de Artes Visuales 2026<\/strong><\/p>\n<p data-start=\"198\" data-end=\"387\">La Escuela Secundaria y Superior N.\u00b0 1 <em data-start=\"237\" data-end=\"260\">\u201cRa\u00fal Ricardo Trucco\u201d<\/em> informa que se encuentra habilitada la <strong data-start=\"300\" data-end=\"325\">preinscripci\u00f3n online<\/strong> para la cohorte 2026 del <strong data-start=\"351\" data-end=\"384\">Profesorado de Artes Visuales<\/strong>.<\/p>\n<p data-start=\"389\" data-end=\"618\"><strong data-start=\"392\" data-end=\"421\">Informaci\u00f3n de la carrera<\/strong><br data-start=\"421\" data-end=\"424\" \/>T\u00edtulo docente con validez para Nivel Inicial, Primario y Secundario<br data-start=\"495\" data-end=\"498\" \/>Plan de estudios: Res. N.\u00b0 978\/17 y Res. N.\u00b0 5732\/17 CGE<br data-start=\"557\" data-end=\"560\" \/>Validez Nacional: RM N.\u00b0 184\/19<br data-start=\"594\" data-end=\"597\" \/>Duraci\u00f3n: 4 a\u00f1os<\/p>\n<h3 data-start=\"763\" data-end=\"922\"><em><strong>Formulario<\/strong><\/em>:<\/h3>\n<p><iframe loading=\"lazy\" src=\"https:\/\/docs.google.com\/forms\/d\/e\/1FAIpQLSdq9AXA6VyeuaeE23o_D5VEI5108mAZdP-KD1hziifqMoCLPg\/viewform?embedded=true\" width=\"640\" height=\"2176\" frameborder=\"0\" marginwidth=\"0\" marginheight=\"0\">Cargando\u2026<\/iframe><\/p>\n<p>&nbsp;<\/p>\n<div id=\"metaslider-id-403\" style=\"max-width: 1100px;\" class=\"ml-slider-3-33-0 metaslider metaslider-coin metaslider-403 ml-slider ms-theme-default\" role=\"region\" aria-roledescription=\"Slideshow\" aria-label=\"Slideshow\">\n    <div id=\"metaslider_container_403\">\n        <div id='metaslider_403' class='coin-slider'>\n<a href=\"https:\/\/mapa.infd.edu.ar\/\" target=\"_blank\"><img src=\"https:\/\/eavtrucco-ers.infd.edu.ar\/sitio\/wp-content\/uploads\/2018\/06\/mapa_infd6-1100x200.png\" height=\"200\" width=\"1100\" alt=\"\" class=\"slider-403 slide-607\" title=\"mapa_infd6\" style=\"display: none;\" \/><\/a>\n<a href=\"https:\/\/www.argentina.gob.ar\/educacion\/becas\" target=\"_blank\"><img src=\"https:\/\/eavtrucco-ers.infd.edu.ar\/sitio\/wp-content\/uploads\/2018\/06\/becas7-1100x200.png\" height=\"200\" width=\"1100\" alt=\"\" class=\"slider-403 slide-609\" title=\"becas7\" style=\"display: none;\" \/><\/a>\n<a href=\"https:\/\/www.argentina.gob.ar\/tema\/estudiar\/formacion-docencia\" target=\"_blank\"><img src=\"https:\/\/eavtrucco-ers.infd.edu.ar\/sitio\/wp-content\/uploads\/2018\/06\/convocatorias_slide6-1-1100x200.png\" height=\"200\" width=\"1100\" alt=\"\" class=\"slider-403 slide-635\" title=\"convocatorias_slide6-1\" style=\"display: none;\" \/><\/a>\n        <\/div>\n        \n    <\/div>\n<\/div>\n","protected":false},"excerpt":{"rendered":"<p>Preinscripci\u00f3n abierta al Profesorado de Artes Visuales 2026 La Escuela Secundaria y Superior N.\u00b0 1 \u201cRa\u00fal Ricardo Trucco\u201d informa que se encuentra habilitada la preinscripci\u00f3n online para la cohorte 2026 del Profesorado de Artes Visuales. Informaci\u00f3n de la carreraT\u00edtulo docente con validez para Nivel Inicial, Primario y SecundarioPlan de estudios: Res. N.\u00b0 978\/17 y Res. &#8230; <a title=\"Inicio\" class=\"read-more\" href=\"https:\/\/eavtrucco-ers.infd.edu.ar\/sitio\/\" aria-label=\"More on Inicio\">[+]<\/a><\/p>\n","protected":false},"author":1,"featured_media":0,"parent":0,"menu_order":0,"comment_status":"closed","ping_status":"closed","template":"","meta":[],"acf":[],"_links":{"self":[{"href":"https:\/\/eavtrucco-ers.infd.edu.ar\/sitio\/wp-json\/wp\/v2\/pages\/286"}],"collection":[{"href":"https:\/\/eavtrucco-ers.infd.edu.ar\/sitio\/wp-json\/wp\/v2\/pages"}],"about":[{"href":"https:\/\/eavtrucco-ers.infd.edu.ar\/sitio\/wp-json\/wp\/v2\/types\/page"}],"author":[{"embeddable":true,"href":"https:\/\/eavtrucco-ers.infd.edu.ar\/sitio\/wp-json\/wp\/v2\/users\/1"}],"replies":[{"embeddable":true,"href":"https:\/\/eavtrucco-ers.infd.edu.ar\/sitio\/wp-json\/wp\/v2\/comments?post=286"}],"version-history":[{"count":236,"href":"https:\/\/eavtrucco-ers.infd.edu.ar\/sitio\/wp-json\/wp\/v2\/pages\/286\/revisions"}],"predecessor-version":[{"id":1593,"href":"https:\/\/eavtrucco-ers.infd.edu.ar\/sitio\/wp-json\/wp\/v2\/pages\/286\/revisions\/1593"}],"wp:attachment":[{"href":"https:\/\/eavtrucco-ers.infd.edu.ar\/sitio\/wp-json\/wp\/v2\/media?parent=286"}],"curies":[{"name":"wp","href":"https:\/\/api.w.org\/{rel}","templated":true}]}}