{"id":1077,"date":"2018-08-30T18:16:03","date_gmt":"2018-08-30T21:16:03","guid":{"rendered":"https:\/\/eavtrucco-ers.infd.edu.ar\/sitio\/cursos-artistico-laborales\/"},"modified":"2025-08-27T23:54:29","modified_gmt":"2025-08-28T02:54:29","slug":"cursos-artistico-laborales","status":"publish","type":"page","link":"https:\/\/eavtrucco-ers.infd.edu.ar\/sitio\/cursos-artistico-laborales\/","title":{"rendered":"FORMACI\u00d3N ART\u00cdSTICA"},"content":{"rendered":"<p><b>Talleres de Libre Expresi\u00f3n<\/b><\/p>\n<p>\u00a0<\/p>\n<p>\u00a0<\/p>\n\n\n<figure class=\"wp-block-image size-large\"><img decoding=\"async\" loading=\"lazy\" width=\"1900\" height=\"1900\" src=\"https:\/\/eavtrucco-ers.infd.edu.ar\/sitio\/wp-content\/uploads\/2025\/08\/504473352_122150897960594931_8672804775949675282_n-1900x1900.jpg\" alt=\"\" class=\"wp-image-1552\" srcset=\"https:\/\/eavtrucco-ers.infd.edu.ar\/sitio\/wp-content\/uploads\/2025\/08\/504473352_122150897960594931_8672804775949675282_n-1900x1900.jpg 1900w, https:\/\/eavtrucco-ers.infd.edu.ar\/sitio\/wp-content\/uploads\/2025\/08\/504473352_122150897960594931_8672804775949675282_n-1000x1000.jpg 1000w, https:\/\/eavtrucco-ers.infd.edu.ar\/sitio\/wp-content\/uploads\/2025\/08\/504473352_122150897960594931_8672804775949675282_n-500x500.jpg 500w, https:\/\/eavtrucco-ers.infd.edu.ar\/sitio\/wp-content\/uploads\/2025\/08\/504473352_122150897960594931_8672804775949675282_n-768x768.jpg 768w, https:\/\/eavtrucco-ers.infd.edu.ar\/sitio\/wp-content\/uploads\/2025\/08\/504473352_122150897960594931_8672804775949675282_n-1536x1536.jpg 1536w, https:\/\/eavtrucco-ers.infd.edu.ar\/sitio\/wp-content\/uploads\/2025\/08\/504473352_122150897960594931_8672804775949675282_n.jpg 2048w\" sizes=\"(max-width: 1900px) 100vw, 1900px\" \/><\/figure>\n\n\n\n<figure class=\"wp-block-image size-large\"><img decoding=\"async\" loading=\"lazy\" width=\"1900\" height=\"1900\" src=\"https:\/\/eavtrucco-ers.infd.edu.ar\/sitio\/wp-content\/uploads\/2025\/08\/504366233_122150897930594931_3976724591433956920_n-1900x1900.jpg\" alt=\"\" class=\"wp-image-1553\" srcset=\"https:\/\/eavtrucco-ers.infd.edu.ar\/sitio\/wp-content\/uploads\/2025\/08\/504366233_122150897930594931_3976724591433956920_n-1900x1900.jpg 1900w, https:\/\/eavtrucco-ers.infd.edu.ar\/sitio\/wp-content\/uploads\/2025\/08\/504366233_122150897930594931_3976724591433956920_n-1000x1000.jpg 1000w, https:\/\/eavtrucco-ers.infd.edu.ar\/sitio\/wp-content\/uploads\/2025\/08\/504366233_122150897930594931_3976724591433956920_n-500x500.jpg 500w, https:\/\/eavtrucco-ers.infd.edu.ar\/sitio\/wp-content\/uploads\/2025\/08\/504366233_122150897930594931_3976724591433956920_n-768x768.jpg 768w, https:\/\/eavtrucco-ers.infd.edu.ar\/sitio\/wp-content\/uploads\/2025\/08\/504366233_122150897930594931_3976724591433956920_n-1536x1536.jpg 1536w, https:\/\/eavtrucco-ers.infd.edu.ar\/sitio\/wp-content\/uploads\/2025\/08\/504366233_122150897930594931_3976724591433956920_n.jpg 2048w\" sizes=\"(max-width: 1900px) 100vw, 1900px\" \/><\/figure>\n\n\n\n<figure class=\"wp-block-image size-full is-resized\"><img decoding=\"async\" loading=\"lazy\" src=\"https:\/\/eavtrucco-ers.infd.edu.ar\/sitio\/wp-content\/uploads\/2025\/08\/491646107_122140839158594931_3102562168852722258_n.jpg\" alt=\"\" class=\"wp-image-1554\" width=\"1020\" height=\"1020\" srcset=\"https:\/\/eavtrucco-ers.infd.edu.ar\/sitio\/wp-content\/uploads\/2025\/08\/491646107_122140839158594931_3102562168852722258_n.jpg 526w, https:\/\/eavtrucco-ers.infd.edu.ar\/sitio\/wp-content\/uploads\/2025\/08\/491646107_122140839158594931_3102562168852722258_n-500x500.jpg 500w\" sizes=\"(max-width: 1020px) 100vw, 1020px\" \/><\/figure>\n\n\n\n<figure class=\"wp-block-image size-large\"><img decoding=\"async\" loading=\"lazy\" width=\"1900\" height=\"1900\" src=\"https:\/\/eavtrucco-ers.infd.edu.ar\/sitio\/wp-content\/uploads\/2025\/08\/481003709_122130832250594931_4886997344997521814_n-1900x1900.jpg\" alt=\"\" class=\"wp-image-1555\" srcset=\"https:\/\/eavtrucco-ers.infd.edu.ar\/sitio\/wp-content\/uploads\/2025\/08\/481003709_122130832250594931_4886997344997521814_n-1900x1900.jpg 1900w, https:\/\/eavtrucco-ers.infd.edu.ar\/sitio\/wp-content\/uploads\/2025\/08\/481003709_122130832250594931_4886997344997521814_n-1000x1000.jpg 1000w, https:\/\/eavtrucco-ers.infd.edu.ar\/sitio\/wp-content\/uploads\/2025\/08\/481003709_122130832250594931_4886997344997521814_n-500x500.jpg 500w, https:\/\/eavtrucco-ers.infd.edu.ar\/sitio\/wp-content\/uploads\/2025\/08\/481003709_122130832250594931_4886997344997521814_n-768x768.jpg 768w, https:\/\/eavtrucco-ers.infd.edu.ar\/sitio\/wp-content\/uploads\/2025\/08\/481003709_122130832250594931_4886997344997521814_n-1536x1536.jpg 1536w, https:\/\/eavtrucco-ers.infd.edu.ar\/sitio\/wp-content\/uploads\/2025\/08\/481003709_122130832250594931_4886997344997521814_n.jpg 2048w\" sizes=\"(max-width: 1900px) 100vw, 1900px\" \/><\/figure>\n","protected":false},"excerpt":{"rendered":"<p>Talleres de Libre Expresi\u00f3n \u00a0 \u00a0<\/p>\n","protected":false},"author":85,"featured_media":0,"parent":0,"menu_order":0,"comment_status":"closed","ping_status":"closed","template":"","meta":[],"acf":[],"_links":{"self":[{"href":"https:\/\/eavtrucco-ers.infd.edu.ar\/sitio\/wp-json\/wp\/v2\/pages\/1077"}],"collection":[{"href":"https:\/\/eavtrucco-ers.infd.edu.ar\/sitio\/wp-json\/wp\/v2\/pages"}],"about":[{"href":"https:\/\/eavtrucco-ers.infd.edu.ar\/sitio\/wp-json\/wp\/v2\/types\/page"}],"author":[{"embeddable":true,"href":"https:\/\/eavtrucco-ers.infd.edu.ar\/sitio\/wp-json\/wp\/v2\/users\/85"}],"replies":[{"embeddable":true,"href":"https:\/\/eavtrucco-ers.infd.edu.ar\/sitio\/wp-json\/wp\/v2\/comments?post=1077"}],"version-history":[{"count":4,"href":"https:\/\/eavtrucco-ers.infd.edu.ar\/sitio\/wp-json\/wp\/v2\/pages\/1077\/revisions"}],"predecessor-version":[{"id":1556,"href":"https:\/\/eavtrucco-ers.infd.edu.ar\/sitio\/wp-json\/wp\/v2\/pages\/1077\/revisions\/1556"}],"wp:attachment":[{"href":"https:\/\/eavtrucco-ers.infd.edu.ar\/sitio\/wp-json\/wp\/v2\/media?parent=1077"}],"curies":[{"name":"wp","href":"https:\/\/api.w.org\/{rel}","templated":true}]}}