{"id":1069,"date":"2018-08-30T18:16:01","date_gmt":"2018-08-30T21:16:01","guid":{"rendered":"https:\/\/eavtrucco-ers.infd.edu.ar\/sitio\/ubicacion\/"},"modified":"2025-08-30T09:55:38","modified_gmt":"2025-08-30T12:55:38","slug":"contacto-2","status":"publish","type":"page","link":"https:\/\/eavtrucco-ers.infd.edu.ar\/sitio\/contacto-2\/","title":{"rendered":"CONTACTO"},"content":{"rendered":"\n<h5 class=\"wp-block-heading\"><span style=\"color: #339966;\">ESCUELA SECUNDARIA Y SUPERIOR N\u00b0 1 \u00abRA\u00daL TRUCCO\u00bb<\/span><\/h5>\n\n\n\n<p><strong>DIRECCI\u00d3N:<\/strong> Maip\u00fa 229 &#8211; Victoria, Entre R\u00edos \/ CP: 3153<\/p>\n\n\n\n<p><strong>CORREO ELECTR\u00d3NICO<\/strong>: <\/p>\n\n\n\n<p><strong>Nivel secundario<\/strong><\/p>\n\n\n\n<p>secundaria1.vc@entrerios.edu.ar<\/p>\n\n\n\n<p><strong>Nivel Superior<\/strong><\/p>\n\n\n\n<p>superior1.vc@entrerios.edu.ar<\/p>\n\n\n\n<p><strong>REDES SOCIALES<\/strong><\/p>\n\n\n\n<ul>\n<li><strong>FACEBOOK:\u00a0<\/strong><a href=\"https:\/\/www.facebook.com\/profile.php?id=61567847930275\">https:\/\/www.facebook.com\/profile.php?id=61567847930275<\/a><\/li>\n\n\n\n<li><strong>INSTAGRAM:<\/strong>\u00a0<a href=\"https:\/\/www.instagram.com\/artesvisualesvictoria\/\">https:\/\/www.instagram.com\/artesvisualesvictoria\/<\/a><\/li>\n<\/ul>\n\n\n\n<p><iframe loading=\"lazy\" style=\"border: 0;\" src=\"https:\/\/www.google.com\/maps\/embed?pb=!1m18!1m12!1m3!1d3360.296167279243!2d-60.156455484974664!3d-32.6249355810182!2m3!1f0!2f0!3f0!3m2!1i1024!2i768!4f13.1!3m3!1m2!1s0x95b6c32fcca64889%3A0xa45467735df3c8a9!2zTWFpcMO6IDIyOSwgVmljdG9yaWEsIEVudHJlIFLDrW9z!5e0!3m2!1ses-419!2sar!4v1633654406689!5m2!1ses-419!2sar\" width=\"400\" height=\"300\" allowfullscreen=\"allowfullscreen\"><\/iframe><\/p>\n\n\n\n<p><\/p>\n","protected":false},"excerpt":{"rendered":"<p>ESCUELA SECUNDARIA Y SUPERIOR N\u00b0 1 \u00abRA\u00daL TRUCCO\u00bb DIRECCI\u00d3N: Maip\u00fa 229 &#8211; Victoria, Entre R\u00edos \/ CP: 3153 CORREO ELECTR\u00d3NICO: Nivel secundario secundaria1.vc@entrerios.edu.ar Nivel Superior superior1.vc@entrerios.edu.ar REDES SOCIALES<\/p>\n","protected":false},"author":85,"featured_media":0,"parent":0,"menu_order":0,"comment_status":"closed","ping_status":"closed","template":"","meta":[],"acf":[],"_links":{"self":[{"href":"https:\/\/eavtrucco-ers.infd.edu.ar\/sitio\/wp-json\/wp\/v2\/pages\/1069"}],"collection":[{"href":"https:\/\/eavtrucco-ers.infd.edu.ar\/sitio\/wp-json\/wp\/v2\/pages"}],"about":[{"href":"https:\/\/eavtrucco-ers.infd.edu.ar\/sitio\/wp-json\/wp\/v2\/types\/page"}],"author":[{"embeddable":true,"href":"https:\/\/eavtrucco-ers.infd.edu.ar\/sitio\/wp-json\/wp\/v2\/users\/85"}],"replies":[{"embeddable":true,"href":"https:\/\/eavtrucco-ers.infd.edu.ar\/sitio\/wp-json\/wp\/v2\/comments?post=1069"}],"version-history":[{"count":15,"href":"https:\/\/eavtrucco-ers.infd.edu.ar\/sitio\/wp-json\/wp\/v2\/pages\/1069\/revisions"}],"predecessor-version":[{"id":1560,"href":"https:\/\/eavtrucco-ers.infd.edu.ar\/sitio\/wp-json\/wp\/v2\/pages\/1069\/revisions\/1560"}],"wp:attachment":[{"href":"https:\/\/eavtrucco-ers.infd.edu.ar\/sitio\/wp-json\/wp\/v2\/media?parent=1069"}],"curies":[{"name":"wp","href":"https:\/\/api.w.org\/{rel}","templated":true}]}}