{"id":1067,"date":"2018-08-30T18:16:00","date_gmt":"2018-08-30T21:16:00","guid":{"rendered":"https:\/\/eavtrucco-ers.infd.edu.ar\/sitio\/historia\/"},"modified":"2026-03-26T22:23:51","modified_gmt":"2026-03-27T01:23:51","slug":"historia","status":"publish","type":"page","link":"https:\/\/eavtrucco-ers.infd.edu.ar\/sitio\/historia\/","title":{"rendered":"HISTORIA"},"content":{"rendered":"<p><strong><em>60 A\u00d1OS DE ARTE Y<\/em><em> E<\/em><em>DUCACI\u00d3N<\/em><\/strong><\/p>\n<p>En la ciudad de Victoria, provincia de Entre R\u00edos, a las 14:30 hs del 18 abril de 1966, reunidos en la sede de la Agrupaci\u00f3n Cultural Victoria, Instituci\u00f3n que madur\u00f3 y llev\u00f3 a la pr\u00e1ctica la idea de la creaci\u00f3n de la Escuela de Artes Visuales, los por entonces Director de la Escuela Provincial de Artes Visuales de Paran\u00e1, Don Roberto L\u00f3pez Carnelli y el Presidente de la Agrupaci\u00f3n Cultural Victoria, Dr. Ra\u00fal Ricardo Trucco, \u00a0junto con personal docente, administrativo, padres y alumnos, llevaron a cabo el acto inaugural que dio comienzo a la Escuela Provincial de Artes Visuales.<\/p>\n<p>En este acto fundacional, se establecieron los altos fines de cultura art\u00edstica y las disposiciones generales que rigieron el funcionamiento de la escuela en sus primeros a\u00f1os, exaltando los m\u00e9ritos del desarrollo art\u00edstico intelectual y profesional.<\/p>\n<p>Durante el primer a\u00f1o,\u00a0 las clases se llevan a cabo bajo la direcci\u00f3n del Profesor Roberto L\u00f3pez Carnelli.<\/p>\n<p>Los primeros docentes, oriundos de Paran\u00e1 y Santa Fe, dictaron sus clases en el edificio de la Agrupaci\u00f3n Cultural Victoria. Posteriormente el gobierno provincial alquil\u00f3 la casa de la familia Rossi, ubicada en calle Rocamora.<\/p>\n<p>De 1966 a 1969 ofici\u00f3 de Secretaria de la Instituci\u00f3n la Sra. \u00a0Beatriz Maggio.<\/p>\n<p>En 1969 fue Vicedirectora ad honorem la \u00a0Profesora Beatriz Repetto de Heinrich<\/p>\n<p>Y en 1975 Directora ad honorem: Profesora Beatriz Repetto de Rom\u00e1n.<\/p>\n<p>Desde el a\u00f1o 1976 a 1977 fue secretaria de Direcci\u00f3n: Beatriz Maggio.<\/p>\n<p>En Abril de 1977 se concurs\u00f3 por primera vez\u00a0 la direcci\u00f3n, siendo designada como Directora Interina la Profesora Susana Melo de La Barba, hasta el a\u00f1o 1993.<\/p>\n<p>Hacia el a\u00f1o 1981, el estado provincial adquiere para su localizaci\u00f3n la hist\u00f3rica casona donde funciona actualmente, y en la cual se alojara y desempe\u00f1ara su actividad profesional el Dr. Pedro Jos\u00e9 Mar\u00eda Rad\u00edo, figura destacada de nuestra sociedad.<\/p>\n<p>En justo reconocimiento al abogado y juez Ra\u00fal Ricardo Trucco, \u00a0quien fuera uno de los principales precursores de la creaci\u00f3n de la Escuela de Artes Visuales, es que en el a\u00f1o 1991, \u00a0mediante resoluci\u00f3n N\u00b0 979, el Consejo General de Educaci\u00f3n y por iniciativa de la comunidad educativa, \u00a0designada con su nombre a la entonces Escuela Provincial de Artes Visuales.<\/p>\n<p>En 1990, mediante el decreto N\u00b0 4454, se da inicio a la formaci\u00f3n de profesores para pl\u00e1stica, otorgando formaci\u00f3n de grado para docentes\u00a0 de nivel inicial y primario, incorpor\u00e1ndose a partir del a\u00f1o 1991 el profesorado de pl\u00e1stica para nivel medio y superior.<\/p>\n<p>En 1993 asume como Directora Suplente Cargo Vacante con Anexo Superior \u00a0la Profesora \u00a0Anah\u00ed Villarruel.<\/p>\n<p>Bajo su direcci\u00f3n, en 1995 la Instituci\u00f3n pone en marcha el Proyecto \u201cLa Escuela sale a la Calle\u201d dentro de un encuentro cultural organizado por el Centro de Estudiantes del Establecimiento y por Profesores coordinadores, el cual se denomin\u00f3 Victoriarte, programa art\u00edstico que mostr\u00f3 a la comunidad los procesos de obras art\u00edsticas y muestras pl\u00e1sticas, acercando a la comunidad expresiones art\u00edsticas pl\u00e1sticas, teatrales, musicales, charlas y seminarios. El Victoriarte fue uno de los proyectos m\u00e1s relevantes y comunitarios de la Instituci\u00f3n, ya que abarc\u00f3 a todos los actores institucionales, llegando a ser declarado de inter\u00e9s municipal y en el a\u00f1o 2000, de inter\u00e9s provincial.<\/p>\n<p>De 1999 a 2003 \u00a0asume como Secretaria de Rector\u00eda con anexo Superior la Sra. Amelia Vigliani de Faccendini.<\/p>\n<p>Desde el a\u00f1o 2003 la Rectora de Nivel Secundario con Anexo Superior fue la Prof. Pilar Scetti.<\/p>\n<p>Bajo su direcci\u00f3n, y en el marco de las transformaciones generadas por la Ley Nacional de Educaci\u00f3n N\u00b0 26.206, en el a\u00f1o 2011 la escuela obtiene el Secundario con Orientaci\u00f3n en Artes. En 2012 se inicia el Secundario Especializado en Artes Visuales, estableci\u00e9ndose el Bachiller con Especialidad en Producciones Visuales, teniendo su primera promoci\u00f3n en el a\u00f1o 2017.<\/p>\n<p>A partir de la Res. 4220\/13 del Consejo General de Educaci\u00f3n, en el a\u00f1o 2014 se da inicio a la Formaci\u00f3n Art\u00edstica B\u00e1sica (FAB) y la Formaci\u00f3n Art\u00edstica para la Industria Cultural \u2013 FAPIC, junto con los talleres Infantiles.<\/p>\n<p>En el a\u00f1o 2016 se concursa por primera vez el cargo de Rector del Nivel Secundario y Superior, siendo designada la Profesora Diana M. Campos.<\/p>\n<p>Desde el a\u00f1o 2022 la Rectora de Nivel Secundario y Superior es la Lic. Mar\u00eda Soledad Garc\u00eda.<\/p>\n<p>Actualmente, y bajo su direcci\u00f3n, el Nivel Medio de la Instituci\u00f3n propone la ense\u00f1anza de los lenguajes art\u00edsticos en sus distintas disciplinas, y el Nivel Superior es responsable de la formaci\u00f3n de Profesores de Artes Visuales para los niveles Inicial, Primario y Secundario; contando adem\u00e1s con la Formaci\u00f3n Docente Continua, que propone instancias de actualizaci\u00f3n y capacitaci\u00f3n en diferentes dimensiones del Arte, la docencia y la cultura general.<\/p>\n<p>Desde hace 60 a\u00f1os, nuestra instituci\u00f3n ha recorrido un intenso como fruct\u00edfero camino de docencia y arte, albergando a cientos de estudiantes victorenses y de poblaciones vecinas, formando profesores id\u00f3neos y artistas reconocidos.<\/p>\n<p>Cada 18 de abril, quienes formamos parte esta hermosa comunidad educativa, celebramos un nuevo aniversario de nuestra querida Escuela de Artes Visuales, recordando su historia, viviendo su presente y proyectando un futuro intensamente art\u00edstico.<\/p>\n<p><strong>HISTORIA CRONOL\u00d3GICA DE LOS DIRECTORES-RECTORES DE LA ESCUELA SECUNDARIA Y SUPERIOR N\u00b0 1 \u201cRA\u00daL R. TRUCCO\u201d<\/strong><\/p>\n<p>1966-1969 Secretaria: Beatriz Maggio<\/p>\n<p>1969 Vicedirectora ad- honorem: Profesora Beatriz Repetto de Heinrich<\/p>\n<p>1975 Directora ad honorem: Profesora Beatriz Repetto de Rom\u00e1n<\/p>\n<p>1976-1977 &#8211; Secretaria a\/c de Direcci\u00f3n: Beatriz Maggio<\/p>\n<p>1977 \u2013 1993 directora Interina: Profesora Susana Melo de La Barba designada por concurso<\/p>\n<p>1993-1999 &#8211; Directora Suplente Cargo Vacante con Anexo Superior: Profesora. Anah\u00ed Villarruel.<\/p>\n<p>1999- 2003: Secretaria a\/c de Rector\u00eda con anexo Superior Sra. Amelia Vigliani de Faccendini.<\/p>\n<p>2003-2015: Rectora Nivel Secundario con Anexo Superior Prof. Pilar Scetti<\/p>\n<p>2016 al 2022: Rectora Nivel Secundario y Superior: Profesora Diana Campos<\/p>\n<p>2022 y contin\u00faa: Rectora de Nivel Secundario y Superior: Lic. Mar\u00eda Soledad Garc\u00eda.<\/p>\n","protected":false},"excerpt":{"rendered":"<p>60 A\u00d1OS DE ARTE Y EDUCACI\u00d3N En la ciudad de Victoria, provincia de Entre R\u00edos, a las 14:30 hs del 18 abril de 1966, reunidos en la sede de la Agrupaci\u00f3n Cultural Victoria, Instituci\u00f3n que madur\u00f3 y llev\u00f3 a la pr\u00e1ctica la idea de la creaci\u00f3n de la Escuela de Artes Visuales, los por entonces &#8230; <a title=\"HISTORIA\" class=\"read-more\" href=\"https:\/\/eavtrucco-ers.infd.edu.ar\/sitio\/historia\/\" aria-label=\"More on HISTORIA\">[+]<\/a><\/p>\n","protected":false},"author":207,"featured_media":0,"parent":0,"menu_order":0,"comment_status":"closed","ping_status":"closed","template":"","meta":[],"acf":[],"_links":{"self":[{"href":"https:\/\/eavtrucco-ers.infd.edu.ar\/sitio\/wp-json\/wp\/v2\/pages\/1067"}],"collection":[{"href":"https:\/\/eavtrucco-ers.infd.edu.ar\/sitio\/wp-json\/wp\/v2\/pages"}],"about":[{"href":"https:\/\/eavtrucco-ers.infd.edu.ar\/sitio\/wp-json\/wp\/v2\/types\/page"}],"author":[{"embeddable":true,"href":"https:\/\/eavtrucco-ers.infd.edu.ar\/sitio\/wp-json\/wp\/v2\/users\/207"}],"replies":[{"embeddable":true,"href":"https:\/\/eavtrucco-ers.infd.edu.ar\/sitio\/wp-json\/wp\/v2\/comments?post=1067"}],"version-history":[{"count":6,"href":"https:\/\/eavtrucco-ers.infd.edu.ar\/sitio\/wp-json\/wp\/v2\/pages\/1067\/revisions"}],"predecessor-version":[{"id":1594,"href":"https:\/\/eavtrucco-ers.infd.edu.ar\/sitio\/wp-json\/wp\/v2\/pages\/1067\/revisions\/1594"}],"wp:attachment":[{"href":"https:\/\/eavtrucco-ers.infd.edu.ar\/sitio\/wp-json\/wp\/v2\/media?parent=1067"}],"curies":[{"name":"wp","href":"https:\/\/api.w.org\/{rel}","templated":true}]}}