{"id":1063,"date":"2018-08-30T18:15:59","date_gmt":"2018-08-30T21:15:59","guid":{"rendered":"https:\/\/eavtrucco-ers.infd.edu.ar\/sitio\/plan-de-estudios-2\/"},"modified":"2025-08-25T13:10:41","modified_gmt":"2025-08-25T16:10:41","slug":"plan-de-estudios-2","status":"publish","type":"page","link":"https:\/\/eavtrucco-ers.infd.edu.ar\/sitio\/plan-de-estudios-2\/","title":{"rendered":"CAJA CURRICULAR"},"content":{"rendered":"\n<p>Planificaciones por a\u00f1o acad\u00e9mico<\/p>\n\n\n\n<p><strong><mark style=\"background-color:rgba(0, 0, 0, 0)\" class=\"has-inline-color has-vivid-cyan-blue-color\">Profesorado de Artes Visuales (Res. 0978\/17 CGE)<\/mark><\/strong><\/p>\n\n\n\n<figure class=\"wp-block-table is-style-stripes\"><table><tbody><tr><td class=\"has-text-align-left\" data-align=\"left\"><strong><span class=\"has-inline-color has-vivid-cyan-blue-color\">UNIDAD CURRICULAR<\/span><\/strong><\/td><td><strong><span class=\"has-inline-color has-vivid-cyan-blue-color\">FORMATO<\/span><\/strong><\/td><\/tr><tr><td class=\"has-text-align-left\" data-align=\"left\"><strong><span class=\"has-inline-color has-vivid-cyan-blue-color\">1\u00b0 A\u00d1O<\/span><\/strong><\/td><\/tr><tr><td class=\"has-text-align-left\" data-align=\"left\">1- Pedagog\u00eda  (<a rel=\"noreferrer noopener\" href=\"https:\/\/drive.google.com\/file\/d\/1LZGbUTIIOmpK4w5l8fcomdmUciXBozIS\/view?usp=sharing\" target=\"_blank\">2024<\/a>) <\/td><td>Asignatura<\/td><\/tr><tr><td class=\"has-text-align-left\" data-align=\"left\">2- Oralidad, Lectura, Escritura y TIC (<a rel=\"noreferrer noopener\" href=\"https:\/\/drive.google.com\/file\/d\/1KWYyZPO17UwY1lRgJavkGUgrsaA9SQ18\/view?usp=sharing\" target=\"_blank\">2024<\/a>) <\/td><td>Taller<\/td><\/tr><tr><td class=\"has-text-align-left\" data-align=\"left\">3- Psicolog\u00eda Educacional (<a rel=\"noreferrer noopener\" href=\"https:\/\/drive.google.com\/file\/d\/1_yudQZvZdSrXALW3qbKDN-Nxp5VNUS7s\/view?usp=sharing\" target=\"_blank\">2025<\/a>) <\/td><td>Asignatura<\/td><\/tr><tr><td class=\"has-text-align-left\" data-align=\"left\">4- Corporeidad, Juego y Lenguajes Art\u00edsticos (<a rel=\"noreferrer noopener\" href=\"https:\/\/drive.google.com\/file\/d\/1YvUEj5TCwb-HzW1Wi6K1A3tC0R5xm6AC\/view?usp=sharing\" target=\"_blank\">2024<\/a>) <\/td><td>Taller<\/td><\/tr><tr><td class=\"has-text-align-left\" data-align=\"left\">5- Arte, Cultura y Sociedad I (<a rel=\"noreferrer noopener\" href=\"https:\/\/drive.google.com\/file\/d\/1CuM-6BZPxuKMVorJGbv_mbS65bgYB46j\/view?usp=sharing\" target=\"_blank\">2024<\/a>) <\/td><td>Asignatura<\/td><\/tr><tr><td class=\"has-text-align-left\" data-align=\"left\">6- Lenguaje Visual I (<a rel=\"noreferrer noopener\" href=\"https:\/\/drive.google.com\/file\/d\/15aWPqpA9voCTqxdOXMex5l6hHWEYvRXZ\/view?usp=sharing\" target=\"_blank\">2024<\/a>) <\/td><td>Asignatura<\/td><\/tr><tr><td class=\"has-text-align-left\" data-align=\"left\">7- Producci\u00f3n en el Plano I: Dibujo I \u2013 Pintura I (<a rel=\"noreferrer noopener\" href=\"https:\/\/drive.google.com\/file\/d\/16CogItmJj0fRMhbYpB3JesyYsmvQ9cvI\/view?usp=sharing\" target=\"_blank\">2024<\/a>) <\/td><td>Taller<\/td><\/tr><tr><td class=\"has-text-align-left\" data-align=\"left\">8- Producci\u00f3n en el Espacio I: Escultura I \u2013 Cer\u00e1mica I (<a rel=\"noreferrer noopener\" href=\"https:\/\/drive.google.com\/file\/d\/1Fv_wpqTTJo_mr14i8uCjefMtDkJMFo5v\/view?usp=sharing\" target=\"_blank\">2024<\/a>) <\/td><td>Taller<\/td><\/tr><tr><td class=\"has-text-align-left\" data-align=\"left\">9- Pr\u00e1ctica Profesional Docente I (<a href=\"https:\/\/drive.google.com\/file\/d\/1LZGbUTIIOmpK4w5l8fcomdmUciXBozIS\/view?usp=sharing\" data-type=\"URL\" data-id=\"https:\/\/drive.google.com\/file\/d\/1LZGbUTIIOmpK4w5l8fcomdmUciXBozIS\/view?usp=sharing\">2024<\/a>) <\/td><td>Seminario &#8211; Taller<\/td><\/tr><tr><td class=\"has-text-align-left\" data-align=\"left\"><strong><span class=\"has-inline-color has-vivid-cyan-blue-color\">2\u00b0 A\u00d1O<\/span><\/strong><\/td><\/tr><tr><td class=\"has-text-align-left\" data-align=\"left\">1- Did\u00e1ctica General (<a href=\"https:\/\/drive.google.com\/file\/d\/1AFKwowEXhU4JRIarHFDZM2yG_FFSX9ah\/view?usp=sharing\" data-type=\"URL\" data-id=\"https:\/\/drive.google.com\/file\/d\/1AFKwowEXhU4JRIarHFDZM2yG_FFSX9ah\/view?usp=sharing\">Planificaci\u00f3n<\/a>)<\/td><td>Asignatura<\/td><\/tr><tr><td class=\"has-text-align-left\" data-align=\"left\">2- Filosof\u00eda (<a href=\"https:\/\/drive.google.com\/file\/d\/1ObpWNv4orr1Qj_1djiH1_xQ0RJAxSUXs\/view?usp=sharing\" target=\"_blank\" rel=\"noreferrer noopener\">Planificaci\u00f3n<\/a>) <\/td><td>Asignatura<\/td><\/tr><tr><td class=\"has-text-align-left\" data-align=\"left\">3- Historia Social y Pol\u00edtica Argentina y Latinoamericana  (<a href=\"https:\/\/drive.google.com\/file\/d\/13_1ay9nqTrqyGGOTvE7j849eb01xA04f\/view?usp=sharing\" target=\"_blank\" rel=\"noreferrer noopener\">Planificaci\u00f3n<\/a>)<\/td><td>Asignatura<\/td><\/tr><tr><td class=\"has-text-align-left\" data-align=\"left\">4- Arte, Cultura y Sociedad II (<a href=\"https:\/\/drive.google.com\/file\/d\/12lU-YfBCXRKJfK-sw6r_YfhyLJ6duxtg\/view?usp=sharing\" target=\"_blank\" rel=\"noreferrer noopener\">Planificaci\u00f3n<\/a>)<\/td><td>Asignatura<\/td><\/tr><tr><td class=\"has-text-align-left\" data-align=\"left\">5- Lenguaje Visual II (<a href=\"https:\/\/drive.google.com\/file\/d\/13rtbZXauQ1luSCDVpfmOLUk_z9oEEs0A\/view?usp=sharing\" target=\"_blank\" rel=\"noreferrer noopener\">Planificaci\u00f3n<\/a>) <\/td><td>Asignatura<\/td><\/tr><tr><td class=\"has-text-align-left\" data-align=\"left\">6- Producci\u00f3n en el Plano II: Dibujo II \u2013 Pintura II (<a href=\"https:\/\/drive.google.com\/file\/d\/1X7OMXrs1KoVDJPsQ28ywb5zZWYYqAY45\/view?usp=sharing\" target=\"_blank\" rel=\"noreferrer noopener\">Planificaci\u00f3n<\/a>)<\/td><td>Taller<\/td><\/tr><tr><td class=\"has-text-align-left\" data-align=\"left\">7- Producci\u00f3n en el Espacio II: Escultura II \u2013 Cer\u00e1mica II (<a href=\"https:\/\/drive.google.com\/file\/d\/152jw3j8piwH-9qpGczZMj3AAFxGrHxCW\/view?usp=sharing\" target=\"_blank\" rel=\"noreferrer noopener\">Planificaci\u00f3n<\/a>) <\/td><td>Taller<\/td><\/tr><tr><td class=\"has-text-align-left\" data-align=\"left\">8- Sujetos de la Educaci\u00f3n (<a href=\"https:\/\/drive.google.com\/file\/d\/1cFFnettG_cLX0a6OXq3A1CTxmk2l47PU\/view?usp=sharing\" target=\"_blank\" rel=\"noreferrer noopener\">Planificaci\u00f3n<\/a>) <\/td><td>Asignatura<\/td><\/tr><tr><td class=\"has-text-align-left\" data-align=\"left\">9- Pr\u00e1ctica Profesional Docente II (<a href=\"https:\/\/drive.google.com\/file\/d\/14fQZL0q8Bnq0zSIIrkTL_UrwXuZksYF7\/view?usp=sharing\" data-type=\"URL\" data-id=\"https:\/\/drive.google.com\/file\/d\/14fQZL0q8Bnq0zSIIrkTL_UrwXuZksYF7\/view?usp=sharing\">Planificaci\u00f3n<\/a>) <\/td><td>Seminario &#8211; Taller<\/td><\/tr><tr><td class=\"has-text-align-left\" data-align=\"left\"><strong><span class=\"has-inline-color has-vivid-cyan-blue-color\">3\u00b0 A\u00d1O<\/span><\/strong><\/td><\/tr><tr><td class=\"has-text-align-left\" data-align=\"left\">1- Educaci\u00f3n Sexual Integral (<a href=\"https:\/\/drive.google.com\/file\/d\/17SkXbArIDiKVGPzgzmQ66KKts-mT_BIh\/view?usp=sharing\" data-type=\"URL\" data-id=\"https:\/\/drive.google.com\/file\/d\/17SkXbArIDiKVGPzgzmQ66KKts-mT_BIh\/view?usp=sharing\">Planificaci\u00f3n<\/a>)<\/td><td>Seminario \u2013 Taller<\/td><\/tr><tr><td class=\"has-text-align-left\" data-align=\"left\">2- Historia y Pol\u00edtica de la Educaci\u00f3n Argentina (<a href=\"https:\/\/drive.google.com\/file\/d\/1BexjXbrDebZ6ngsNYjVZNwVnYolRAzo_\/view?usp=sharing\" target=\"_blank\" rel=\"noreferrer noopener\">Planificaci\u00f3n<\/a>)<\/td><td>Asignatura<\/td><\/tr><tr><td class=\"has-text-align-left\" data-align=\"left\">3- Sociolog\u00eda de la Educaci\u00f3n (<a href=\"https:\/\/drive.google.com\/file\/d\/1YqBMm7IJQpEB9mmQuE7dbZN3y2MHhfly\/view?usp=sharing\" data-type=\"URL\" data-id=\"https:\/\/drive.google.com\/file\/d\/1YqBMm7IJQpEB9mmQuE7dbZN3y2MHhfly\/view?usp=sharing\">Planificaci\u00f3n<\/a>)<\/td><td>Asignatura<\/td><\/tr><tr><td class=\"has-text-align-left\" data-align=\"left\">4- Artes, Cultura y Sociedad III (<a href=\"https:\/\/drive.google.com\/file\/d\/1qDcSenYP53RNbYnPnqKNdQl9TYswAOt5\/view?usp=sharing\" target=\"_blank\" rel=\"noreferrer noopener\">Planificaci\u00f3n<\/a>) <\/td><td>Asignatura<\/td><\/tr><tr><td class=\"has-text-align-left\" data-align=\"left\">5- Lenguaje Visual III (<a href=\"https:\/\/drive.google.com\/file\/d\/1zOZ9KeJQPNs10kUSyRzXRmKtKVbARjxT\/view?usp=sharing\" data-type=\"URL\" data-id=\"https:\/\/drive.google.com\/file\/d\/1zOZ9KeJQPNs10kUSyRzXRmKtKVbARjxT\/view?usp=sharing\">Planificaci\u00f3n<\/a>)<\/td><td>Asignatura<\/td><\/tr><tr><td class=\"has-text-align-left\" data-align=\"left\">6- Producci\u00f3n en el Plano III: Grabado (<a href=\"https:\/\/drive.google.com\/file\/d\/1DZp-PFnsY1D6T0x7G6fWIYKw9viN28qJ\/view?usp=sharing\" target=\"_blank\" rel=\"noreferrer noopener\">Planificaci\u00f3n<\/a>)<\/td><td>Taller<\/td><\/tr><tr><td class=\"has-text-align-left\" data-align=\"left\">7- Producci\u00f3n Multimedia y Digital (<a href=\"https:\/\/drive.google.com\/file\/d\/1wPS6ph_RSdKrAmK538C0cgrCMbqYuezt\/view?usp=sharing\" target=\"_blank\" rel=\"noreferrer noopener\">Planificaci\u00f3n<\/a>)<\/td><td>Taller<\/td><\/tr><tr><td class=\"has-text-align-left\" data-align=\"left\">8- Did\u00e1ctica de las Artes Visuales I (<a href=\"https:\/\/drive.google.com\/file\/d\/1hakht4nDwyVB-qZd394zyjZ3RryfH9jZ\/view?usp=sharing\" data-type=\"URL\" data-id=\"https:\/\/drive.google.com\/file\/d\/1hakht4nDwyVB-qZd394zyjZ3RryfH9jZ\/view?usp=sharing\">Planificaci\u00f3n<\/a>) <\/td><td>Asignatura<\/td><\/tr><tr><td class=\"has-text-align-left\" data-align=\"left\">9- UDI (Unidad de Definici\u00f3n Institucional) (<a href=\"https:\/\/drive.google.com\/file\/d\/108_HP-YRCXkY9gPymzgsx-V1BSAphHx2\/view?usp=sharing\" data-type=\"URL\" data-id=\"https:\/\/drive.google.com\/file\/d\/108_HP-YRCXkY9gPymzgsx-V1BSAphHx2\/view?usp=sharing\">Planificaci\u00f3n<\/a>)<\/td><td>Taller<\/td><\/tr><tr><td class=\"has-text-align-left\" data-align=\"left\">10- Pr\u00e1ctica Profesional Docente III (<a href=\"https:\/\/drive.google.com\/file\/d\/1X3bre1rM13SYTDqk2tlTRo6UBXbbZvJ-\/view?usp=sharing\" target=\"_blank\" rel=\"noreferrer noopener\">Planificaci\u00f3n<\/a>)<\/td><td>Seminario &#8211; Taller<\/td><\/tr><tr><td class=\"has-text-align-left\" data-align=\"left\"><strong><span class=\"has-inline-color has-vivid-cyan-blue-color\">4\u00b0 A\u00d1O<\/span><\/strong><\/td><\/tr><tr><td class=\"has-text-align-left\" data-align=\"left\">1- Derechos Humanos, \u00c9tica y Ciudadan\u00eda (<a rel=\"noreferrer noopener\" href=\"https:\/\/drive.google.com\/file\/d\/1MhYbWc9rkMKg88Sgm1r9-EHeVbtZlmQA\/view?usp=sharing\" target=\"_blank\">Planificaci\u00f3n<\/a>)<\/td><td>Asignatura<\/td><\/tr><tr><td class=\"has-text-align-left\" data-align=\"left\">2- An\u00e1lisis y Organizaci\u00f3n de las Instituciones Educativas (<a href=\"https:\/\/drive.google.com\/file\/d\/12ddogmFkOt_9QS-mYGoMSmJ87MTqOV1j\/view?usp=sharing\" data-type=\"URL\" data-id=\"https:\/\/drive.google.com\/file\/d\/12ddogmFkOt_9QS-mYGoMSmJ87MTqOV1j\/view?usp=sharing\">Planificaci\u00f3n<\/a>)<\/td><td>Asignatura<\/td><\/tr><tr><td class=\"has-text-align-left\" data-align=\"left\">3- Semi\u00f3tica de las Artes Visuales (<a href=\"https:\/\/drive.google.com\/file\/d\/1RDolWdYns7ufvMb5DeOd2hBSA4Ba7m2C\/view?usp=sharing\" data-type=\"URL\" data-id=\"https:\/\/drive.google.com\/file\/d\/1RDolWdYns7ufvMb5DeOd2hBSA4Ba7m2C\/view?usp=sharing\">Planificaci\u00f3n<\/a>)<\/td><td>Asignatura<\/td><\/tr><tr><td class=\"has-text-align-left\" data-align=\"left\">4- Producciones Art\u00edsticas Contempor\u00e1neas (<a href=\"https:\/\/drive.google.com\/file\/d\/1nmRmH8ZT84StdOScAW_Bjvnp7Eo5gWLX\/view?usp=sharing\" data-type=\"URL\" data-id=\"https:\/\/drive.google.com\/file\/d\/1nmRmH8ZT84StdOScAW_Bjvnp7Eo5gWLX\/view?usp=sharing\">Planificaci\u00f3n<\/a>)<\/td><td>Asignatura<\/td><\/tr><tr><td class=\"has-text-align-left\" data-align=\"left\">5- Taller de Producci\u00f3n Optativo: Pintura (<a href=\"https:\/\/drive.google.com\/file\/d\/1jUpuRLiqBe3Kry2M11Oojqp8aGMj5ANK\/view?usp=sharing\" data-type=\"URL\" data-id=\"https:\/\/drive.google.com\/file\/d\/1jUpuRLiqBe3Kry2M11Oojqp8aGMj5ANK\/view?usp=sharing\">Planificaci\u00f3n<\/a>)<\/td><td>Taller<\/td><\/tr><tr><td class=\"has-text-align-left\" data-align=\"left\">    Taller de Producci\u00f3n Optativo: Escultura (<a href=\"https:\/\/drive.google.com\/file\/d\/1UNr2uzGQoKnArr9n4chfezv2WDvj7L_t\/view?usp=sharing\" data-type=\"URL\" data-id=\"https:\/\/drive.google.com\/file\/d\/1UNr2uzGQoKnArr9n4chfezv2WDvj7L_t\/view?usp=sharing\">Planificaci\u00f3n<\/a>)<\/td><td>Taller<\/td><\/tr><tr><td class=\"has-text-align-left\" data-align=\"left\">    Taller de Producci\u00f3n Optativo: Grabado (<a href=\"https:\/\/drive.google.com\/file\/d\/1D-f0RBZvbYWOQF5OqyVF-DH7-kHivKji\/view?usp=sharing\" data-type=\"URL\" data-id=\"https:\/\/drive.google.com\/file\/d\/1D-f0RBZvbYWOQF5OqyVF-DH7-kHivKji\/view?usp=sharing\">Planificaci\u00f3n<\/a>)<\/td><td>Taller<\/td><\/tr><tr><td class=\"has-text-align-left\" data-align=\"left\">    Taller de Producci\u00f3n Optativo: Cer\u00e1mica (<a href=\"https:\/\/drive.google.com\/file\/d\/1m_uKvwZ2-se9eL_UusGw3HCmnNSPhN4T\/view?usp=sharing\" data-type=\"URL\" data-id=\"https:\/\/drive.google.com\/file\/d\/1m_uKvwZ2-se9eL_UusGw3HCmnNSPhN4T\/view?usp=sharing\">Planificaci\u00f3n<\/a>)<\/td><td>Taller<\/td><\/tr><tr><td class=\"has-text-align-left\" data-align=\"left\">6- Did\u00e1ctica de las Artes Visuales II (<a href=\"https:\/\/drive.google.com\/file\/d\/12ra9_FgeWAr6LTKAgCmWWRjSv2zBTeJH\/view?usp=sharing\" data-type=\"URL\" data-id=\"https:\/\/drive.google.com\/file\/d\/12ra9_FgeWAr6LTKAgCmWWRjSv2zBTeJH\/view?usp=sharing\">Planificaci\u00f3n<\/a>)<\/td><td>Asignatura<\/td><\/tr><tr><td class=\"has-text-align-left\" data-align=\"left\">7- Est\u00e9tica de las Artes Visuales (<a href=\"https:\/\/drive.google.com\/file\/d\/1JJMIiKqmzougrB7pHcM-WSqkebVV-Mk0\/view?usp=sharing\" data-type=\"URL\" data-id=\"https:\/\/drive.google.com\/file\/d\/1JJMIiKqmzougrB7pHcM-WSqkebVV-Mk0\/view?usp=sharing\">Planificaci\u00f3n<\/a>)<\/td><td>Asignatura<\/td><\/tr><tr><td class=\"has-text-align-left\" data-align=\"left\">8- UDI &#8211; Propuestas Art\u00edsticas para la Diversidad (<a href=\"https:\/\/drive.google.com\/file\/d\/12wbMrdMXkHJtZszwUPIypt-LrViGE_4d\/view?usp=sharing\" target=\"_blank\" rel=\"noreferrer noopener\">Planificaci\u00f3n<\/a>)<\/td><td>Taller<\/td><\/tr><tr><td class=\"has-text-align-left\" data-align=\"left\">9- Pr\u00e1ctica Profesional Docente IV (Planificaci\u00f3n)<\/td><td>Seminario &#8211; Taller<\/td><\/tr><\/tbody><\/table><\/figure>\n","protected":false},"excerpt":{"rendered":"<p>Planificaciones por a\u00f1o acad\u00e9mico Profesorado de Artes Visuales (Res. 0978\/17 CGE) UNIDAD CURRICULAR FORMATO 1\u00b0 A\u00d1O 1- Pedagog\u00eda (2024) Asignatura 2- Oralidad, Lectura, Escritura y TIC (2024) Taller 3- Psicolog\u00eda Educacional (2025) Asignatura 4- Corporeidad, Juego y Lenguajes Art\u00edsticos (2024) Taller 5- Arte, Cultura y Sociedad I (2024) Asignatura 6- Lenguaje Visual I (2024) Asignatura &#8230; <a title=\"CAJA CURRICULAR\" class=\"read-more\" href=\"https:\/\/eavtrucco-ers.infd.edu.ar\/sitio\/plan-de-estudios-2\/\" aria-label=\"More on CAJA CURRICULAR\">[+]<\/a><\/p>\n","protected":false},"author":85,"featured_media":0,"parent":0,"menu_order":0,"comment_status":"closed","ping_status":"closed","template":"","meta":[],"acf":[],"_links":{"self":[{"href":"https:\/\/eavtrucco-ers.infd.edu.ar\/sitio\/wp-json\/wp\/v2\/pages\/1063"}],"collection":[{"href":"https:\/\/eavtrucco-ers.infd.edu.ar\/sitio\/wp-json\/wp\/v2\/pages"}],"about":[{"href":"https:\/\/eavtrucco-ers.infd.edu.ar\/sitio\/wp-json\/wp\/v2\/types\/page"}],"author":[{"embeddable":true,"href":"https:\/\/eavtrucco-ers.infd.edu.ar\/sitio\/wp-json\/wp\/v2\/users\/85"}],"replies":[{"embeddable":true,"href":"https:\/\/eavtrucco-ers.infd.edu.ar\/sitio\/wp-json\/wp\/v2\/comments?post=1063"}],"version-history":[{"count":21,"href":"https:\/\/eavtrucco-ers.infd.edu.ar\/sitio\/wp-json\/wp\/v2\/pages\/1063\/revisions"}],"predecessor-version":[{"id":1542,"href":"https:\/\/eavtrucco-ers.infd.edu.ar\/sitio\/wp-json\/wp\/v2\/pages\/1063\/revisions\/1542"}],"wp:attachment":[{"href":"https:\/\/eavtrucco-ers.infd.edu.ar\/sitio\/wp-json\/wp\/v2\/media?parent=1063"}],"curies":[{"name":"wp","href":"https:\/\/api.w.org\/{rel}","templated":true}]}}