{"id":1061,"date":"2018-08-30T18:15:58","date_gmt":"2018-08-30T21:15:58","guid":{"rendered":"https:\/\/eavtrucco-ers.infd.edu.ar\/sitio\/plan-de-estudios\/"},"modified":"2025-08-27T23:49:52","modified_gmt":"2025-08-28T02:49:52","slug":"plan-de-estudios","status":"publish","type":"page","link":"https:\/\/eavtrucco-ers.infd.edu.ar\/sitio\/plan-de-estudios\/","title":{"rendered":"Formaci\u00f3n Art\u00edstica B\u00e1sica para Adolescentes (FAB) \/ Formaci\u00f3n Art\u00edstica para J\u00f3venes y Adultos (FAPIC)"},"content":{"rendered":"\n<p><\/p>\n\n\n\n<figure class=\"wp-block-gallery has-nested-images columns-default is-cropped wp-block-gallery-1 is-layout-flex\">\n<figure class=\"wp-block-image size-large\"><img decoding=\"async\" loading=\"lazy\" width=\"1900\" height=\"1900\" data-id=\"1547\"  src=\"https:\/\/eavtrucco-ers.infd.edu.ar\/sitio\/wp-content\/uploads\/2025\/08\/FAPIC-2025-Carnaval-1900x1900.png\" alt=\"\" class=\"wp-image-1547\" srcset=\"https:\/\/eavtrucco-ers.infd.edu.ar\/sitio\/wp-content\/uploads\/2025\/08\/FAPIC-2025-Carnaval-1900x1900.png 1900w, https:\/\/eavtrucco-ers.infd.edu.ar\/sitio\/wp-content\/uploads\/2025\/08\/FAPIC-2025-Carnaval-1000x1000.png 1000w, https:\/\/eavtrucco-ers.infd.edu.ar\/sitio\/wp-content\/uploads\/2025\/08\/FAPIC-2025-Carnaval-500x500.png 500w, https:\/\/eavtrucco-ers.infd.edu.ar\/sitio\/wp-content\/uploads\/2025\/08\/FAPIC-2025-Carnaval-768x768.png 768w, https:\/\/eavtrucco-ers.infd.edu.ar\/sitio\/wp-content\/uploads\/2025\/08\/FAPIC-2025-Carnaval-1536x1536.png 1536w, https:\/\/eavtrucco-ers.infd.edu.ar\/sitio\/wp-content\/uploads\/2025\/08\/FAPIC-2025-Carnaval-2048x2048.png 2048w\" sizes=\"(max-width: 1900px) 100vw, 1900px\" \/><\/figure>\n<\/figure>\n\n\n\n<figure class=\"wp-block-image size-large\"><img decoding=\"async\" loading=\"lazy\" width=\"1900\" height=\"1900\" src=\"https:\/\/eavtrucco-ers.infd.edu.ar\/sitio\/wp-content\/uploads\/2025\/08\/FAPIC-2025-FOTOGRAFIA-1900x1900.png\" alt=\"\" class=\"wp-image-1548\" srcset=\"https:\/\/eavtrucco-ers.infd.edu.ar\/sitio\/wp-content\/uploads\/2025\/08\/FAPIC-2025-FOTOGRAFIA-1900x1900.png 1900w, https:\/\/eavtrucco-ers.infd.edu.ar\/sitio\/wp-content\/uploads\/2025\/08\/FAPIC-2025-FOTOGRAFIA-1000x1000.png 1000w, https:\/\/eavtrucco-ers.infd.edu.ar\/sitio\/wp-content\/uploads\/2025\/08\/FAPIC-2025-FOTOGRAFIA-500x500.png 500w, https:\/\/eavtrucco-ers.infd.edu.ar\/sitio\/wp-content\/uploads\/2025\/08\/FAPIC-2025-FOTOGRAFIA-768x768.png 768w, https:\/\/eavtrucco-ers.infd.edu.ar\/sitio\/wp-content\/uploads\/2025\/08\/FAPIC-2025-FOTOGRAFIA-1536x1536.png 1536w, https:\/\/eavtrucco-ers.infd.edu.ar\/sitio\/wp-content\/uploads\/2025\/08\/FAPIC-2025-FOTOGRAFIA-2048x2048.png 2048w\" sizes=\"(max-width: 1900px) 100vw, 1900px\" \/><\/figure>\n\n\n\n<figure class=\"wp-block-image size-large\"><img decoding=\"async\" loading=\"lazy\" width=\"1900\" height=\"1898\" src=\"https:\/\/eavtrucco-ers.infd.edu.ar\/sitio\/wp-content\/uploads\/2025\/08\/480678514_122129021144594931_6814535976873161668_n-1-1900x1898.jpg\" alt=\"\" class=\"wp-image-1549\" srcset=\"https:\/\/eavtrucco-ers.infd.edu.ar\/sitio\/wp-content\/uploads\/2025\/08\/480678514_122129021144594931_6814535976873161668_n-1-1900x1898.jpg 1900w, https:\/\/eavtrucco-ers.infd.edu.ar\/sitio\/wp-content\/uploads\/2025\/08\/480678514_122129021144594931_6814535976873161668_n-1-1000x1000.jpg 1000w, https:\/\/eavtrucco-ers.infd.edu.ar\/sitio\/wp-content\/uploads\/2025\/08\/480678514_122129021144594931_6814535976873161668_n-1-500x500.jpg 500w, https:\/\/eavtrucco-ers.infd.edu.ar\/sitio\/wp-content\/uploads\/2025\/08\/480678514_122129021144594931_6814535976873161668_n-1-768x767.jpg 768w, https:\/\/eavtrucco-ers.infd.edu.ar\/sitio\/wp-content\/uploads\/2025\/08\/480678514_122129021144594931_6814535976873161668_n-1.jpg 2048w\" sizes=\"(max-width: 1900px) 100vw, 1900px\" \/><\/figure>\n\n\n\n<figure class=\"wp-block-image size-large\"><img decoding=\"async\" loading=\"lazy\" width=\"1900\" height=\"1900\" src=\"https:\/\/eavtrucco-ers.infd.edu.ar\/sitio\/wp-content\/uploads\/2025\/08\/FAB-1900x1900.png\" alt=\"\" class=\"wp-image-1550\" srcset=\"https:\/\/eavtrucco-ers.infd.edu.ar\/sitio\/wp-content\/uploads\/2025\/08\/FAB-1900x1900.png 1900w, https:\/\/eavtrucco-ers.infd.edu.ar\/sitio\/wp-content\/uploads\/2025\/08\/FAB-1000x1000.png 1000w, https:\/\/eavtrucco-ers.infd.edu.ar\/sitio\/wp-content\/uploads\/2025\/08\/FAB-500x500.png 500w, https:\/\/eavtrucco-ers.infd.edu.ar\/sitio\/wp-content\/uploads\/2025\/08\/FAB-768x768.png 768w, https:\/\/eavtrucco-ers.infd.edu.ar\/sitio\/wp-content\/uploads\/2025\/08\/FAB-1536x1536.png 1536w, https:\/\/eavtrucco-ers.infd.edu.ar\/sitio\/wp-content\/uploads\/2025\/08\/FAB-2048x2048.png 2048w\" sizes=\"(max-width: 1900px) 100vw, 1900px\" \/><\/figure>\n","protected":false},"excerpt":{"rendered":"","protected":false},"author":85,"featured_media":0,"parent":0,"menu_order":0,"comment_status":"closed","ping_status":"closed","template":"","meta":[],"acf":[],"_links":{"self":[{"href":"https:\/\/eavtrucco-ers.infd.edu.ar\/sitio\/wp-json\/wp\/v2\/pages\/1061"}],"collection":[{"href":"https:\/\/eavtrucco-ers.infd.edu.ar\/sitio\/wp-json\/wp\/v2\/pages"}],"about":[{"href":"https:\/\/eavtrucco-ers.infd.edu.ar\/sitio\/wp-json\/wp\/v2\/types\/page"}],"author":[{"embeddable":true,"href":"https:\/\/eavtrucco-ers.infd.edu.ar\/sitio\/wp-json\/wp\/v2\/users\/85"}],"replies":[{"embeddable":true,"href":"https:\/\/eavtrucco-ers.infd.edu.ar\/sitio\/wp-json\/wp\/v2\/comments?post=1061"}],"version-history":[{"count":6,"href":"https:\/\/eavtrucco-ers.infd.edu.ar\/sitio\/wp-json\/wp\/v2\/pages\/1061\/revisions"}],"predecessor-version":[{"id":1551,"href":"https:\/\/eavtrucco-ers.infd.edu.ar\/sitio\/wp-json\/wp\/v2\/pages\/1061\/revisions\/1551"}],"wp:attachment":[{"href":"https:\/\/eavtrucco-ers.infd.edu.ar\/sitio\/wp-json\/wp\/v2\/media?parent=1061"}],"curies":[{"name":"wp","href":"https:\/\/api.w.org\/{rel}","templated":true}]}}