{"id":1036,"date":"2018-08-30T18:15:49","date_gmt":"2018-08-30T21:15:49","guid":{"rendered":"https:\/\/eavtrucco-ers.infd.edu.ar\/sitio\/nivel-medio\/"},"modified":"2025-09-19T00:15:56","modified_gmt":"2025-09-19T03:15:56","slug":"nivel-medio","status":"publish","type":"page","link":"https:\/\/eavtrucco-ers.infd.edu.ar\/sitio\/nivel-medio\/","title":{"rendered":"Reconocimientos"},"content":{"rendered":"<p><!--more--><!--more--><\/p>\n<p>Muestra Anual D\u00eda del Artista Pl\u00e1stico 2024. Declaraci\u00f3n de Inter\u00e9s Educativo y de Inter\u00e9s Cultural Municipal:<\/p>\n<ul>\n<li><a href=\"https:\/\/eavtrucco-ers.infd.edu.ar\/sitio\/wp-content\/uploads\/2024\/09\/Disposicion-No-74-24-DDE-y-Decreto-Municipal-No-698-24.pdf\">Disposici\u00f3n No 74\/24 DDE y Decreto Municipal No 698\/24<\/a><\/li>\n<\/ul>\n<p>Resoluci\u00f3n de certificaci\u00f3n de Propuestas de Formaci\u00f3n para el ciclo 2024<\/p>\n<ul>\n<li><a href=\"https:\/\/eavtrucco-ers.infd.edu.ar\/sitio\/wp-content\/uploads\/2025\/04\/Res-3977-24-CGE-Vinculacion.pdf\">Res-3977-24-CGE.pdf<\/a><\/li>\n<li><a href=\"https:\/\/eavtrucco-ers.infd.edu.ar\/sitio\/wp-content\/uploads\/2025\/04\/Resolucion-77-2024-DDE.pdf\">Disposici\u00f3n 77-2024 DDE<\/a><\/li>\n<\/ul>\n\n\n<p>Muestra Colectiva por el D\u00eda del Artista Pl\u00e1stico 2025: \u00abTramas y Territorios. Declaraci\u00f3n de e Inter\u00e9s Educativo y Cultural por el Concejo Deliberante de la ciudad de Victoria (Decreto N\u00b0 041\/25) y de Inter\u00e9s Educativo por la Direcci\u00f3n Departamental de Escuelas Victoria (Disposici\u00f3n N\u00b0 83\/25).<\/p>\n\n\n\n<p><a href=\"https:\/\/eavtrucco-ers.infd.edu.ar\/sitio\/wp-content\/uploads\/2025\/09\/Decreto-CD-y-Disposicion-DDE-2025.pdf\">Decreto N\u00b0 041\/25 CD y Disposici\u00f3n N\u00b0 83\/25 DDE<\/a><\/p>\n","protected":false},"excerpt":{"rendered":"","protected":false},"author":207,"featured_media":0,"parent":0,"menu_order":0,"comment_status":"closed","ping_status":"closed","template":"","meta":[],"acf":[],"_links":{"self":[{"href":"https:\/\/eavtrucco-ers.infd.edu.ar\/sitio\/wp-json\/wp\/v2\/pages\/1036"}],"collection":[{"href":"https:\/\/eavtrucco-ers.infd.edu.ar\/sitio\/wp-json\/wp\/v2\/pages"}],"about":[{"href":"https:\/\/eavtrucco-ers.infd.edu.ar\/sitio\/wp-json\/wp\/v2\/types\/page"}],"author":[{"embeddable":true,"href":"https:\/\/eavtrucco-ers.infd.edu.ar\/sitio\/wp-json\/wp\/v2\/users\/207"}],"replies":[{"embeddable":true,"href":"https:\/\/eavtrucco-ers.infd.edu.ar\/sitio\/wp-json\/wp\/v2\/comments?post=1036"}],"version-history":[{"count":11,"href":"https:\/\/eavtrucco-ers.infd.edu.ar\/sitio\/wp-json\/wp\/v2\/pages\/1036\/revisions"}],"predecessor-version":[{"id":1574,"href":"https:\/\/eavtrucco-ers.infd.edu.ar\/sitio\/wp-json\/wp\/v2\/pages\/1036\/revisions\/1574"}],"wp:attachment":[{"href":"https:\/\/eavtrucco-ers.infd.edu.ar\/sitio\/wp-json\/wp\/v2\/media?parent=1036"}],"curies":[{"name":"wp","href":"https:\/\/api.w.org\/{rel}","templated":true}]}}